{"id":275,"date":"2023-06-27T07:32:24","date_gmt":"2023-06-27T07:32:24","guid":{"rendered":"https:\/\/www.get-cbd-oil.com\/naturis3-v4\/"},"modified":"2025-06-16T11:37:25","modified_gmt":"2025-06-16T11:37:25","slug":"naturis3-v4","status":"publish","type":"page","link":"https:\/\/www.get-cbd-oil.com\/de\/","title":{"rendered":"naturis3-v4"},"content":{"rendered":"\n<div class=\"wp-block-cover bloc1\" style=\"min-height:100vh;aspect-ratio:unset;\" id=\"bloc-banniere\"><img loading=\"lazy\" decoding=\"async\" width=\"1920\" height=\"1020\" class=\"wp-block-cover__image-background wp-image-597 size-full\" alt=\"ein Naturprodukt mit tausend Anwendungsm\u00f6glichkeiten\" src=\"https:\/\/www.get-cbd-oil.com\/wp-content\/uploads\/2025\/06\/ein-Naturprodukt-mit-tausend-Anwendungsmoglichkeiten.webp\" data-object-fit=\"cover\" srcset=\"https:\/\/www.get-cbd-oil.com\/wp-content\/uploads\/2025\/06\/ein-Naturprodukt-mit-tausend-Anwendungsmoglichkeiten.webp 1920w, https:\/\/www.get-cbd-oil.com\/wp-content\/uploads\/2025\/06\/ein-Naturprodukt-mit-tausend-Anwendungsmoglichkeiten-300x159.webp 300w, https:\/\/www.get-cbd-oil.com\/wp-content\/uploads\/2025\/06\/ein-Naturprodukt-mit-tausend-Anwendungsmoglichkeiten-1024x544.webp 1024w, https:\/\/www.get-cbd-oil.com\/wp-content\/uploads\/2025\/06\/ein-Naturprodukt-mit-tausend-Anwendungsmoglichkeiten-768x408.webp 768w, https:\/\/www.get-cbd-oil.com\/wp-content\/uploads\/2025\/06\/ein-Naturprodukt-mit-tausend-Anwendungsmoglichkeiten-1536x816.webp 1536w\" sizes=\"auto, (max-width: 1920px) 100vw, 1920px\"><span aria-hidden=\"true\" class=\"wp-block-cover__background has-black-background-color has-background-dim-30 has-background-dim\"><\/span><div class=\"wp-block-cover__inner-container has-global-padding is-layout-constrained wp-block-cover-is-layout-constrained\">\n<h1 class=\"wp-block-heading has-text-align-center animated bounceInUp h1intro has-base-2-color has-text-color has-link-color wp-elements-9ba8f3b66a2ff9520b5d5098b31a26a4\" style=\"font-size:60px\">CBD, ein Naturprodukt mit tausend Anwendungsm\u00f6glichkeiten<\/h1>\n\n\n\n<p class=\"has-text-align-center parag animated bounceInUp slow has-base-2-color has-text-color has-link-color wp-elements-f9e7d7d6e1f57cd87649304a16430748\" style=\"padding-right:var(--wp--preset--spacing--60);padding-left:var(--wp--preset--spacing--60);font-size:20px;line-height:1.5\">CBD, ein nat\u00fcrlicher Verb\u00fcndeter zur Stressbew\u00e4ltigung, Verbesserung des Schlafs und der Schmerzen. Entdecken Sie die vielf\u00e4ltigen Vorteile f\u00fcr Ihre Gesundheit und Ihr inneres Gleichgewicht.<\/p>\n<\/div><\/div>\n\n\n\n<div class=\"wp-block-group has-global-padding is-layout-constrained wp-block-group-is-layout-constrained\" style=\"padding-top:4%;padding-bottom:2%\">\n<div class=\"wp-block-columns is-layout-flex wp-container-core-columns-is-layout-658170e2 wp-block-columns-is-layout-flex\">\n<div class=\"wp-block-column bloc2 has-contrast-3-background-color has-background is-layout-flow wp-block-column-is-layout-flow\" style=\"padding-top:0px;padding-right:0px;padding-bottom:0px;padding-left:0px;flex-basis:50%\">\n<div class=\"wp-block-group col1 has-global-padding is-layout-constrained wp-container-core-group-is-layout-8bb3df11 wp-block-group-is-layout-constrained has-background\" style=\"min-height:100%;padding-top:4%;padding-right:4%;padding-bottom:4%;padding-left:4%;background-image:url('http:\/\/www.get-cbd-oil.com\/wp-content\/uploads\/2025\/06\/Schmerzlinderung.webp');background-size:cover;\">\n<p class=\"has-text-align-center has-base-2-color has-text-color has-link-color wp-elements-90d8a9a49689db612d019c08e52b6506\" style=\"font-size:13px;font-style:normal;font-weight:700;text-transform:uppercase\">Schmerzlinderung<\/p>\n\n\n\n<h2 class=\"wp-block-heading has-text-align-center has-base-2-color has-text-color has-link-color wp-elements-096cc4045a7fcabc4c888c25f8dccfc2\" style=\"font-size:45px\">CBD bei chronischen und entz\u00fcndungsbedingten Schmerzen<\/h2>\n\n\n\n<p class=\"has-text-align-center partie-texte parag has-base-2-color has-text-color has-link-color wp-elements-56855768b4302fb1b87c80839fdc8fce\" style=\"padding-top:180px;padding-right:var(--wp--preset--spacing--40);padding-left:var(--wp--preset--spacing--40)\">CBD hilft, anhaltende Schmerzen, Entz\u00fcndungen und Gelenkbeschwerden zu lindern und so den Alltag zu erleichtern.<\/p>\n<\/div>\n<\/div>\n\n\n\n<div class=\"wp-block-column bloc2 has-contrast-3-background-color has-background is-layout-flow wp-block-column-is-layout-flow\" style=\"flex-basis:50%\">\n<div class=\"wp-block-group col1 has-global-padding is-layout-constrained wp-container-core-group-is-layout-8bb3df11 wp-block-group-is-layout-constrained has-background\" style=\"min-height:100%;padding-top:4%;padding-right:4%;padding-bottom:4%;padding-left:4%;background-image:url('http:\/\/www.get-cbd-oil.com\/wp-content\/uploads\/2025\/06\/Entzundungshemmende-Wirkung.webp');background-size:cover;\">\n<p class=\"has-text-align-center has-base-2-color has-text-color has-link-color wp-elements-06cae6d7a2cfb34310ef66706e38fa27\" style=\"font-size:13px;font-style:normal;font-weight:700;text-transform:uppercase\">Entz\u00fcndungshemmende Wirkung<\/p>\n\n\n\n<h2 class=\"wp-block-heading has-text-align-center has-base-2-color has-text-color has-link-color wp-elements-30aa46f4ebc3117f02d24f46f63068d4\" style=\"font-size:45px\">CBD <br> lindert <br>Entz\u00fcndungen<\/h2>\n\n\n\n<p class=\"has-text-align-center partie-texte parag has-base-2-color has-text-color has-link-color wp-elements-c7381c5657248dbb569d39ec49389f02\" style=\"padding-top:180px;padding-right:var(--wp--preset--spacing--40);padding-left:var(--wp--preset--spacing--40)\">CBD wird zur Linderung von Entz\u00fcndungen bei Erkrankungen wie Arthritis eingesetzt und sorgt f\u00fcr nat\u00fcrliche Linderung.<\/p>\n<\/div>\n<\/div>\n<\/div>\n<\/div>\n\n\n\n<div class=\"wp-block-group has-global-padding is-layout-constrained wp-block-group-is-layout-constrained\" style=\"padding-top:2%;padding-bottom:4%\">\n<figure class=\"wp-block-image aligncenter size-full animated slideInUp\"><img loading=\"lazy\" decoding=\"async\" width=\"77\" height=\"43\" src=\"http:\/\/www.get-cbd-oil.com\/wp-content\/uploads\/2025\/06\/Discover-the-wide-range-of-CBD-products-1.webp\" alt=\"Discover the wide range of CBD products\" class=\"wp-image-595\"><\/figure>\n\n\n\n<h2 class=\"wp-block-heading has-text-align-center animated slideInUp slow has-text-color has-link-color wp-elements-58166c0459485b0a4b97c30543c0e95f\" style=\"color:#44533c;padding-bottom:15px;font-size:50px\">Entdecken Sie die vielen CBD-Produkte<\/h2>\n\n\n\n<p class=\"has-text-align-center parag animated slideInUp slower\" style=\"padding-right:var(--wp--preset--spacing--60);padding-left:var(--wp--preset--spacing--60)\">Es gibt eine grosse Vielfalt an CBD-Produkten, von \u00d6len \u00fcber Cremes bis hin zu Lebensmitteln. F\u00fcr qualitativ hochwertige und zertifizierte Produkte empfiehlt es sich, sich an <a href=\"https:\/\/naturalpes.ch\/de\/\" target=\"_blank\" rel=\" \">Naturalpes<\/a> zu wenden. Hier findet man eine grosse Auswahl, die auf Qualit\u00e4t und Wirksamkeit setzt, um das pers\u00f6nliche Wohlbefinden optimal zu unterst\u00fctzen. Zudem bieten seine Experten eine ausf\u00fchrliche Beratung und transparente Informationen, sodass jeder das passende Produkt f\u00fcr seine individuellen Bed\u00fcrfnisse finden kann.<\/p>\n\n\n\n<div style=\"height:20px\" aria-hidden=\"true\" class=\"wp-block-spacer\"><\/div>\n\n\n\n<div class=\"wp-block-gutenberg-custom8-simple-carousel-block owl-carousel img-carousel owl-theme  cartoo\" data-nav=\"false\" data-owl-items=\"4\"><div class=\"item text-center\"><img decoding=\"async\" src=\"http:\/\/www.get-cbd-oil.com\/wp-content\/uploads\/2025\/06\/CBD-Ole.webp\"><div class=\"carousel-title\">CBD-\u00d6le<\/div><div class=\"carousel-content\"><\/div><\/div><div class=\"item text-center\"><img decoding=\"async\" src=\"http:\/\/www.get-cbd-oil.com\/wp-content\/uploads\/2025\/06\/Kapseln-und-Weichkapseln.webp\"><div class=\"carousel-title\">Kapseln und Weichkapseln<\/div><div class=\"carousel-content\"><\/div><\/div><div class=\"item text-center\"><img decoding=\"async\" src=\"http:\/\/www.get-cbd-oil.com\/wp-content\/uploads\/2025\/06\/CBD-Bluten.webp\"><div class=\"carousel-title\">CBD-Bl\u00fcten<\/div><div class=\"carousel-content\"><\/div><\/div><div class=\"item text-center\"><img decoding=\"async\" src=\"http:\/\/www.get-cbd-oil.com\/wp-content\/uploads\/2025\/06\/E-Liquids-fur-E-Zigaretten.webp\"><div class=\"carousel-title\">E-Liquids f\u00fcr E-Zigaretten<br><\/div><div class=\"carousel-content\"><\/div><\/div><div class=\"item text-center\"><img decoding=\"async\" src=\"http:\/\/www.get-cbd-oil.com\/wp-content\/uploads\/2025\/06\/CBD-Kosmetik.webp\"><div class=\"carousel-title\">CBD-Kosmetik<br><\/div><div class=\"carousel-content\"><\/div><\/div><\/div>\n<\/div>\n\n\n\n<div class=\"wp-block-columns is-layout-flex wp-container-core-columns-is-layout-35b47e0a wp-block-columns-is-layout-flex\" style=\"padding-right:20px;padding-left:20px\">\n<div class=\"wp-block-column is-layout-flow wp-block-column-is-layout-flow\">\n<figure class=\"wp-block-image size-full zoom-img\"><img loading=\"lazy\" decoding=\"async\" width=\"620\" height=\"730\" src=\"http:\/\/www.get-cbd-oil.com\/wp-content\/uploads\/2025\/06\/Aromatherapie.webp\" alt=\"Aromatherapie\" class=\"wp-image-581\" srcset=\"https:\/\/www.get-cbd-oil.com\/wp-content\/uploads\/2025\/06\/Aromatherapie.webp 620w, https:\/\/www.get-cbd-oil.com\/wp-content\/uploads\/2025\/06\/Aromatherapie-255x300.webp 255w\" sizes=\"auto, (max-width: 620px) 100vw, 620px\"><\/figure>\n\n\n\n<h3 class=\"wp-block-heading has-text-align-center has-text-color has-link-color wp-elements-4df4fc956a120149e16bd9ed8930a25b\" style=\"color:#44533c;font-size:22px\">Aromatherapie<\/h3>\n\n\n\n<p class=\"has-text-align-center\">\u00c4therische \u00d6le in Kombination mit CBD f\u00f6rdern Entspannung und emotionales Gleichgewicht.<\/p>\n<\/div>\n\n\n\n<div class=\"wp-block-column is-layout-flow wp-block-column-is-layout-flow\">\n<figure class=\"wp-block-image size-full zoom-img\"><img loading=\"lazy\" decoding=\"async\" width=\"620\" height=\"730\" src=\"http:\/\/www.get-cbd-oil.com\/wp-content\/uploads\/2025\/06\/Phytotherapie.webp\" alt=\"Phytotherapie\" class=\"wp-image-609\" srcset=\"https:\/\/www.get-cbd-oil.com\/wp-content\/uploads\/2025\/06\/Phytotherapie.webp 620w, https:\/\/www.get-cbd-oil.com\/wp-content\/uploads\/2025\/06\/Phytotherapie-255x300.webp 255w\" sizes=\"auto, (max-width: 620px) 100vw, 620px\"><\/figure>\n\n\n\n<h3 class=\"wp-block-heading has-text-align-center has-text-color has-link-color wp-elements-7a1a21913f72422f21d67565167324f5\" style=\"color:#44533c;font-size:22px\">Phytotherapie<\/h3>\n\n\n\n<p class=\"has-text-align-center\">Heilpflanzen in Kombination mit CBD unterst\u00fctzen das Immunsystem und lindern auf nat\u00fcrliche Weise verschiedene Beschwerden.<\/p>\n<\/div>\n\n\n\n<div class=\"wp-block-column is-layout-flow wp-block-column-is-layout-flow\">\n<figure class=\"wp-block-image size-full zoom-img\"><img loading=\"lazy\" decoding=\"async\" width=\"620\" height=\"730\" src=\"http:\/\/www.get-cbd-oil.com\/wp-content\/uploads\/2025\/06\/Massagetherapie.webp\" alt=\"Massagetherapie\" class=\"wp-image-605\" srcset=\"https:\/\/www.get-cbd-oil.com\/wp-content\/uploads\/2025\/06\/Massagetherapie.webp 620w, https:\/\/www.get-cbd-oil.com\/wp-content\/uploads\/2025\/06\/Massagetherapie-255x300.webp 255w\" sizes=\"auto, (max-width: 620px) 100vw, 620px\"><\/figure>\n\n\n\n<h3 class=\"wp-block-heading has-text-align-center has-text-color has-link-color wp-elements-e46acf088016e2c40f993a135807a675\" style=\"color:#44533c;font-size:22px\">Massagetherapie<\/h3>\n\n\n\n<p class=\"has-text-align-center\">Massagetechniken mit CBD-\u00d6len entspannen die Muskulatur, l\u00f6sen Verspannungen und lindern lokale Schmerzen.<\/p>\n<\/div>\n<\/div>\n\n\n\n<div class=\"wp-block-group bloc5 has-global-padding is-layout-constrained wp-block-group-is-layout-constrained has-background\" style=\"padding-top:6%;padding-bottom:6%;background-image:url('http:\/\/www.get-cbd-oil.com\/wp-content\/uploads\/2025\/06\/CBD-products-2-2.webp');background-size:cover;\">\n<div class=\"wp-block-columns are-vertically-aligned-center is-layout-flex wp-container-core-columns-is-layout-cbe57604 wp-block-columns-is-layout-flex\">\n<div class=\"wp-block-column is-vertically-aligned-center position-relative is-layout-flow wp-block-column-is-layout-flow\" style=\"flex-basis:50%\">\n<figure class=\"wp-block-image size-full\"><img loading=\"lazy\" decoding=\"async\" width=\"520\" height=\"650\" src=\"http:\/\/www.get-cbd-oil.com\/wp-content\/uploads\/2025\/06\/CBD-Produkte.webp\" alt=\"CBD-Produkte\" class=\"wp-image-593\" srcset=\"https:\/\/www.get-cbd-oil.com\/wp-content\/uploads\/2025\/06\/CBD-Produkte.webp 520w, https:\/\/www.get-cbd-oil.com\/wp-content\/uploads\/2025\/06\/CBD-Produkte-240x300.webp 240w\" sizes=\"auto, (max-width: 520px) 100vw, 520px\"><\/figure>\n\n\n\n<figure class=\"wp-block-image size-full mobile-img animated slideInUp slow\"><img loading=\"lazy\" decoding=\"async\" width=\"350\" height=\"550\" src=\"http:\/\/www.get-cbd-oil.com\/wp-content\/uploads\/2025\/06\/CBD-Produkte-1.webp\" alt=\"CBD-Produkte 1\" class=\"wp-image-591\" srcset=\"https:\/\/www.get-cbd-oil.com\/wp-content\/uploads\/2025\/06\/CBD-Produkte-1.webp 350w, https:\/\/www.get-cbd-oil.com\/wp-content\/uploads\/2025\/06\/CBD-Produkte-1-191x300.webp 191w\" sizes=\"auto, (max-width: 350px) 100vw, 350px\"><\/figure>\n<\/div>\n\n\n\n<div class=\"wp-block-column is-vertically-aligned-center right-bloc is-layout-flow wp-block-column-is-layout-flow\" style=\"padding-right:7%;flex-basis:50%\">\n<p class=\"animated slideInRight has-text-color has-link-color wp-elements-7bac59de425a1b037275ad0d8db740c7\" style=\"color:#44533c;font-size:13px;font-style:normal;font-weight:700;text-transform:uppercase\">CBD-Produkte<\/p>\n\n\n\n<h2 class=\"wp-block-heading has-text-align-left animated slideInRight slow has-text-color has-link-color wp-elements-7c4eba48785e2232a653c26ad7f421c4\" style=\"color:#44533c;padding-bottom:15px;font-size:36px\">CBD kaufen: Schl\u00fcsselfaktoren f\u00fcr optimale Qualit\u00e4t<\/h2>\n\n\n\n<p class=\"animated slideInRight slower\">Um hochwertiges CBD zu kaufen, sollten Sie einige wichtige Kriterien beachten. W\u00e4hlen Sie Produkte aus biologischem Anbau ohne Pestizide und Herbizide.  <\/p>\n\n\n\n<p class=\"animated slideInRight slower\">Achten Sie ausserdem auf Analysezertifikate (COA), die die Reinheit und Konzentration des CBD sowie den THC-Gehalt oberhalb der gesetzlichen Grenzwerte garantieren.<\/p>\n\n\n\n<p class=\"animated slideInRight slower\">Auch die Extraktionsmethode, beispielsweise die \u00fcberkritische CO2-Extraktion, ist ein Qualit\u00e4tsindikator. W\u00e4hlen Sie ausserdem transparente Marken mit klaren Produktinformationen.<\/p>\n<\/div>\n<\/div>\n<\/div>\n\n\n\n<div class=\"wp-block-group has-global-padding is-layout-constrained wp-block-group-is-layout-constrained\" style=\"padding-top:4%;padding-bottom:4%\">\n<figure class=\"wp-block-image aligncenter size-full animated slideInUp\"><img decoding=\"async\" src=\"http:\/\/www.get-cbd-oil.com\/wp-content\/uploads\/2023\/06\/decor_heading.png\" alt=\"\" class=\"wp-image-40\"><\/figure>\n\n\n\n<h2 class=\"wp-block-heading has-text-align-center animated slideInUp slow has-text-color has-link-color wp-elements-4c9131d0d09205afc81d8da32dd135e9\" style=\"color:#44533c;padding-bottom:15px;font-size:50px\">Die Vorteile von CBD bei h\u00e4ufigen Hauterkrankungen<\/h2>\n\n\n\n<p class=\"has-text-align-center parag animated slideInUp slower\" style=\"padding-right:var(--wp--preset--spacing--60);padding-left:var(--wp--preset--spacing--60)\">Dank seiner entz\u00fcndungshemmenden und regulierenden Eigenschaften tr\u00e4gt CBD zur Linderung von Hauterkrankungen bei und sorgt f\u00fcr ausgeglichene und weiche Haut.<\/p>\n\n\n\n<div class=\"wp-block-columns animated slideInLeft slower is-layout-flex wp-container-core-columns-is-layout-658170e2 wp-block-columns-is-layout-flex\">\n<div class=\"wp-block-column is-vertically-aligned-stretch reduit-col is-layout-flow wp-block-column-is-layout-flow\" style=\"padding-top:30px;padding-right:15px;padding-bottom:30px;padding-left:15px\">\n<figure class=\"wp-block-image aligncenter size-full\"><img loading=\"lazy\" decoding=\"async\" width=\"98\" height=\"98\" src=\"http:\/\/www.get-cbd-oil.com\/wp-content\/uploads\/2025\/06\/Akne.webp\" alt=\"Akne\" class=\"wp-image-555\"><\/figure>\n\n\n\n<h3 class=\"wp-block-heading has-text-align-center parag has-text-color has-link-color wp-elements-59b64d4fcd557ece0d0e1ba500ddce1f\" style=\"color:#44533c;padding-right:0;padding-left:0;font-size:24px\">Akne<\/h3>\n\n\n\n<p class=\"has-text-align-center parag\" style=\"padding-right:0;padding-left:0\">CBD reguliert die Talgproduktion und reduziert so das Auftreten von Pickeln und Akne-bedingten Entz\u00fcndungen.<\/p>\n<\/div>\n\n\n\n<div class=\"wp-block-column is-vertically-aligned-stretch reduit-col is-layout-flow wp-block-column-is-layout-flow\" style=\"padding-top:30px;padding-right:15px;padding-bottom:30px;padding-left:15px\">\n<figure class=\"wp-block-image aligncenter size-full\"><img loading=\"lazy\" decoding=\"async\" width=\"98\" height=\"98\" src=\"http:\/\/www.get-cbd-oil.com\/wp-content\/uploads\/2025\/06\/Ekzeme.webp\" alt=\"Ekzeme\" class=\"wp-image-557\"><\/figure>\n\n\n\n<h3 class=\"wp-block-heading has-text-align-center parag has-text-color has-link-color wp-elements-ec0d741c084a57930dd795d124bb0daf\" style=\"color:#44533c;padding-right:0;padding-left:0;font-size:24px\">Ekzeme<\/h3>\n\n\n\n<p class=\"has-text-align-center parag\" style=\"padding-right:0;padding-left:0\">Dank seiner entz\u00fcndungshemmenden Eigenschaften lindert CBD Juckreiz und reduziert R\u00f6tungen, die durch Ekzeme verursacht werden.<\/p>\n<\/div>\n\n\n\n<div class=\"wp-block-column is-vertically-aligned-stretch reduit-col is-layout-flow wp-block-column-is-layout-flow\" style=\"padding-top:30px;padding-right:15px;padding-bottom:30px;padding-left:15px\">\n<figure class=\"wp-block-image aligncenter size-full\"><img loading=\"lazy\" decoding=\"async\" width=\"98\" height=\"98\" src=\"http:\/\/www.get-cbd-oil.com\/wp-content\/uploads\/2025\/06\/Hautirritationen.webp\" alt=\"Hautirritationen\" class=\"wp-image-559\"><\/figure>\n\n\n\n<h3 class=\"wp-block-heading has-text-align-center parag has-text-color has-link-color wp-elements-8fadfd6cc700a79fc05fb0df6a0e40f5\" style=\"color:#44533c;padding-right:0;padding-left:0;font-size:24px\">Hautirritationen<\/h3>\n\n\n\n<p class=\"has-text-align-center parag\" style=\"padding-right:0;padding-left:0\">CBD lindert Irritationen und f\u00f6rdert die Regeneration der Hautbarriere f\u00fcr weichere, beruhigte Haut.<\/p>\n<\/div>\n<\/div>\n<\/div>\n\n\n\n<div class=\"wp-block-cover is-light has-parallax bann\" style=\"padding-top:6%;padding-bottom:6%\"><div role=\"img\" aria-label=\"Auswirkungen von CBD auf den Schlaf\" class=\"wp-block-cover__image-background wp-image-614 size-full has-parallax\" style=\"background-position:50% 50%;background-image:url(https:\/\/www.get-cbd-oil.com\/wp-content\/uploads\/2025\/06\/Auswirkungen-von-CBD-auf-den-Schlaf.webp)\"><\/div><span aria-hidden=\"true\" class=\"wp-block-cover__background has-base-2-background-color has-background-dim-0 has-background-dim\"><\/span><div class=\"wp-block-cover__inner-container has-global-padding is-layout-constrained wp-block-cover-is-layout-constrained\">\n<div class=\"wp-block-columns is-layout-flex wp-container-core-columns-is-layout-28f84493 wp-block-columns-is-layout-flex\">\n<div class=\"wp-block-column is-layout-flow wp-block-column-is-layout-flow\" style=\"flex-basis:40%\">\n<p class=\"has-text-color has-link-color wp-elements-0b329afd79951f92f471664b55cdbfc8\" style=\"color:#44533c;font-size:13px;font-style:normal;font-weight:700;text-transform:uppercase\">Auswirkungen von CBD auf den Schlaf<\/p>\n\n\n\n<h2 class=\"wp-block-heading has-text-color has-link-color wp-elements-a2cdf935055ed5fdd54423daadff785e\" style=\"color:#44533c;font-size:36px\">CBD und Schlaf: Entspannung und tiefe Erholung f\u00f6rdern<\/h2>\n\n\n\n<p class=\"has-text-color has-link-color wp-elements-a5a86ea2f3dcb1defa532185e20ebab0\" style=\"color:#75846e\">CBD wird zunehmend f\u00fcr seine positiven Auswirkungen auf den Schlaf anerkannt. Durch seine Wirkung auf das Endocannabinoid-System tr\u00e4gt es zur Regulierung des Schlafrhythmus bei und f\u00f6rdert ein schnelleres Einschlafen. Seine entspannenden Eigenschaften tragen dazu bei, Angstzust\u00e4nde und Stress abzubauen \u2013 zwei Faktoren, die h\u00e4ufig f\u00fcr Schlafst\u00f6rungen verantwortlich sind. <\/p>\n\n\n\n<p class=\"has-text-color has-link-color wp-elements-2f47bed8c48c31aad660dec1fe7d5ba5\" style=\"color:#75846e\">Dar\u00fcber hinaus kann CBD die Schlafqualit\u00e4t verbessern, indem es n\u00e4chtliche Schlafunterbrechungen reduziert und so eine tiefere, erholsamere Nachtruhe erm\u00f6glicht. Bei vorsichtiger Anwendung stellt es eine attraktive nat\u00fcrliche Alternative f\u00fcr alle dar, die ihren Schlaf verbessern m\u00f6chten, ohne auf herk\u00f6mmliche Medikamente zur\u00fcckgreifen zu m\u00fcssen.<\/p>\n<\/div>\n\n\n\n<div class=\"wp-block-column is-layout-flow wp-block-column-is-layout-flow\" style=\"flex-basis:60%\"><\/div>\n<\/div>\n<\/div><\/div>\n\n\n\n<div class=\"wp-block-group has-global-padding is-layout-constrained wp-block-group-is-layout-constrained\" style=\"padding-top:3%;padding-bottom:3%\">\n<figure class=\"wp-block-image aligncenter size-full\"><img decoding=\"async\" src=\"http:\/\/www.get-cbd-oil.com\/wp-content\/uploads\/2025\/06\/get-cbd-oil-logo-footer.svg\" alt=\"get cbd oil logo footer\" class=\"wp-image-579\"><\/figure>\n<\/div>\n","protected":false},"excerpt":{"rendered":"<p>Schmerzlinderung CBD bei chronischen und entz\u00fcndungsbedingten Schmerzen CBD hilft, anhaltende Schmerzen, Entz\u00fcndungen und Gelenkbeschwerden zu lindern und so den Alltag zu erleichtern. Entz\u00fcndungshemmende Wirkung CBD lindert Entz\u00fcndungen CBD wird zur Linderung von Entz\u00fcndungen bei Erkrankungen wie Arthritis eingesetzt und sorgt&#8230;<\/p>\n","protected":false},"author":2,"featured_media":0,"parent":0,"menu_order":0,"comment_status":"closed","ping_status":"closed","template":"","meta":{"footnotes":""},"class_list":["post-275","page","type-page","status-publish","hentry"],"_links":{"self":[{"href":"https:\/\/www.get-cbd-oil.com\/de\/wp-json\/wp\/v2\/pages\/275","targetHints":{"allow":["GET"]}}],"collection":[{"href":"https:\/\/www.get-cbd-oil.com\/de\/wp-json\/wp\/v2\/pages"}],"about":[{"href":"https:\/\/www.get-cbd-oil.com\/de\/wp-json\/wp\/v2\/types\/page"}],"author":[{"embeddable":true,"href":"https:\/\/www.get-cbd-oil.com\/de\/wp-json\/wp\/v2\/users\/2"}],"replies":[{"embeddable":true,"href":"https:\/\/www.get-cbd-oil.com\/de\/wp-json\/wp\/v2\/comments?post=275"}],"version-history":[{"count":18,"href":"https:\/\/www.get-cbd-oil.com\/de\/wp-json\/wp\/v2\/pages\/275\/revisions"}],"predecessor-version":[{"id":624,"href":"https:\/\/www.get-cbd-oil.com\/de\/wp-json\/wp\/v2\/pages\/275\/revisions\/624"}],"wp:attachment":[{"href":"https:\/\/www.get-cbd-oil.com\/de\/wp-json\/wp\/v2\/media?parent=275"}],"curies":[{"name":"wp","href":"https:\/\/api.w.org\/{rel}","templated":true}]}}